{"id":9506,"date":"2022-06-15T11:40:44","date_gmt":"2022-06-15T09:40:44","guid":{"rendered":"https:\/\/dev.asemblo.pl\/our-team\/michal-slowinski\/"},"modified":"2022-11-30T15:40:09","modified_gmt":"2022-11-30T14:40:09","slug":"michal-slowinski","status":"publish","type":"page","link":"https:\/\/dev.asemblo.pl\/en\/our-team\/michal-slowinski\/","title":{"rendered":"MICHA\u0141 S\u0141OWI\u0143SKI"},"content":{"rendered":"\t\t<div data-elementor-type=\"wp-page\" data-elementor-id=\"9506\" class=\"elementor elementor-9506 elementor-6550\">\n\t\t\t\t\t\t<section class=\"elementor-section elementor-top-section elementor-element elementor-element-223214b elementor-section-boxed elementor-section-height-default elementor-section-height-default\" data-id=\"223214b\" data-element_type=\"section\">\n\t\t\t\t\t\t<div class=\"elementor-container elementor-column-gap-extended\">\n\t\t\t\t\t<div class=\"elementor-column elementor-col-50 elementor-top-column elementor-element elementor-element-9819337 ot-flex-column-vertical\" data-id=\"9819337\" data-element_type=\"column\">\n\t\t\t<div class=\"elementor-widget-wrap elementor-element-populated\">\n\t\t\t\t\t\t<div class=\"elementor-element elementor-element-845b5a7 elementor-hidden-phone elementor-widget elementor-widget-spacer\" data-id=\"845b5a7\" data-element_type=\"widget\" data-widget_type=\"spacer.default\">\n\t\t\t\t<div class=\"elementor-widget-container\">\n\t\t\t\t\t<div class=\"elementor-spacer\">\n\t\t\t<div class=\"elementor-spacer-inner\"><\/div>\n\t\t<\/div>\n\t\t\t\t<\/div>\n\t\t\t\t<\/div>\n\t\t\t\t\t<\/div>\n\t\t<\/div>\n\t\t\t\t<div class=\"elementor-column elementor-col-50 elementor-top-column elementor-element elementor-element-e8fb4bf ot-flex-column-vertical\" data-id=\"e8fb4bf\" data-element_type=\"column\">\n\t\t\t<div class=\"elementor-widget-wrap elementor-element-populated\">\n\t\t\t\t\t\t<section class=\"elementor-section elementor-inner-section elementor-element elementor-element-f052911 elementor-section-full_width elementor-section-height-default elementor-section-height-default\" data-id=\"f052911\" data-element_type=\"section\">\n\t\t\t\t\t\t<div class=\"elementor-container elementor-column-gap-default\">\n\t\t\t\t\t<div class=\"elementor-column elementor-col-100 elementor-inner-column elementor-element elementor-element-c57899b ot-flex-column-vertical\" data-id=\"c57899b\" data-element_type=\"column\" data-settings=\"{&quot;background_background&quot;:&quot;classic&quot;}\">\n\t\t\t<div class=\"elementor-widget-wrap elementor-element-populated\">\n\t\t\t\t\t\t<div class=\"elementor-element elementor-element-3b232e1 elementor-widget elementor-widget-heading\" data-id=\"3b232e1\" data-element_type=\"widget\" data-widget_type=\"heading.default\">\n\t\t\t\t<div class=\"elementor-widget-container\">\n\t\t\t<h2 class=\"elementor-heading-title elementor-size-default\">MICHA\u0141 S\u0141OWINSKI<\/h2>\t\t<\/div>\n\t\t\t\t<\/div>\n\t\t\t\t<div class=\"elementor-element elementor-element-5a5abf4 elementor-widget elementor-widget-heading\" data-id=\"5a5abf4\" data-element_type=\"widget\" data-widget_type=\"heading.default\">\n\t\t\t\t<div class=\"elementor-widget-container\">\n\t\t\t<h2 class=\"elementor-heading-title elementor-size-default\">[ ARCHITEKT ]<\/h2>\t\t<\/div>\n\t\t\t\t<\/div>\n\t\t\t\t<div class=\"elementor-element elementor-element-4fe1825 elementor-widget elementor-widget-text-editor\" data-id=\"4fe1825\" data-element_type=\"widget\" data-widget_type=\"text-editor.default\">\n\t\t\t\t<div class=\"elementor-widget-container\">\n\t\t\t\t\t\t\t<ul class=\"member-info\">\n<li><span class=\"text-light\">DEPARTMENT:<\/span> DESIGN<\/li>\n<li><span class=\"text-light\">EXPERIENCE:<\/span> 21 years<\/li>\n<li><span class=\"text-light\">EMAIL:<\/span> micha\u0142.slowinski@dev.asemblo.pl<\/li>\n<li><span class=\"text-light\">PHONE:<\/span> +48-609-606-448<\/li>\n<\/ul>\n\t\t\t\t\t\t<\/div>\n\t\t\t\t<\/div>\n\t\t\t\t<div class=\"elementor-element elementor-element-8018252 e-grid-align-left elementor-shape-rounded elementor-grid-0 elementor-widget elementor-widget-social-icons\" data-id=\"8018252\" data-element_type=\"widget\" data-widget_type=\"social-icons.default\">\n\t\t\t\t<div class=\"elementor-widget-container\">\n\t\t\t\t\t<div class=\"elementor-social-icons-wrapper elementor-grid\">\n\t\t\t\t\t\t\t<span class=\"elementor-grid-item\">\n\t\t\t\t\t<a class=\"elementor-icon elementor-social-icon elementor-social-icon-facebook-f elementor-repeater-item-8094f75\" target=\"_blank\">\n\t\t\t\t\t\t<span class=\"elementor-screen-only\">Facebook-f<\/span>\n\t\t\t\t\t\t<i class=\"fab fa-facebook-f\"><\/i>\t\t\t\t\t<\/a>\n\t\t\t\t<\/span>\n\t\t\t\t\t\t\t<span class=\"elementor-grid-item\">\n\t\t\t\t\t<a class=\"elementor-icon elementor-social-icon elementor-social-icon-linkedin-in elementor-repeater-item-ba8fa64\" target=\"_blank\">\n\t\t\t\t\t\t<span class=\"elementor-screen-only\">Linkedin-in<\/span>\n\t\t\t\t\t\t<i class=\"fab fa-linkedin-in\"><\/i>\t\t\t\t\t<\/a>\n\t\t\t\t<\/span>\n\t\t\t\t\t<\/div>\n\t\t\t\t<\/div>\n\t\t\t\t<\/div>\n\t\t\t\t\t<\/div>\n\t\t<\/div>\n\t\t\t\t\t<\/div>\n\t\t<\/section>\n\t\t\t\t\t<\/div>\n\t\t<\/div>\n\t\t\t\t\t<\/div>\n\t\t<\/section>\n\t\t\t\t<section class=\"elementor-section elementor-top-section elementor-element elementor-element-c2b43ea elementor-section-boxed elementor-section-height-default elementor-section-height-default\" data-id=\"c2b43ea\" data-element_type=\"section\">\n\t\t\t\t\t\t<div class=\"elementor-container elementor-column-gap-default\">\n\t\t\t\t\t<div class=\"elementor-column elementor-col-100 elementor-top-column elementor-element elementor-element-0ba0719 ot-flex-column-vertical\" data-id=\"0ba0719\" data-element_type=\"column\">\n\t\t\t<div class=\"elementor-widget-wrap elementor-element-populated\">\n\t\t\t\t\t\t<div class=\"elementor-element elementor-element-574c793 elementor-widget elementor-widget-text-editor\" data-id=\"574c793\" data-element_type=\"widget\" data-widget_type=\"text-editor.default\">\n\t\t\t\t<div class=\"elementor-widget-container\">\n\t\t\t\t\t\t\t<p>Architect and designer of industrial forms. A graduate of the Faculty of Architecture of the University of Technology (in the Slask region) and the London Royal College of Art.<br \/>He practiced in London and Warsaw, inter alia, at Foster and Partners, Denton Associates and Kury\u0142owicz &amp; Associates. Lecturer in computer-aided architectural design and postgraduate studies at ASK at the Warsaw University of Technology. He specializes in projects for gastronomy, retail chains, as well as office space. He also deals with brand issues, in architectural space and visual communication. Designer of industrial forms with many years of experience in the furniture market.<\/p>\n\t\t\t\t\t\t<\/div>\n\t\t\t\t<\/div>\n\t\t\t\t\t<\/div>\n\t\t<\/div>\n\t\t\t\t\t<\/div>\n\t\t<\/section>\n\t\t\t\t<\/div>\n\t\t","protected":false},"excerpt":{"rendered":"<p>MICHA\u0141 S\u0141OWINSKI [ ARCHITEKT ] DEPARTMENT: DESIGN EXPERIENCE: 21 years EMAIL: micha\u0142.slowinski@dev.asemblo.pl PHONE: +48-609-606-448 Facebook-f Linkedin-in Architect and designer of industrial forms. A graduate of the Faculty of Architecture of the University of Technology (in the Slask region) and the London Royal College of Art.He practiced in London and Warsaw, inter alia, at Foster and [&hellip;]<\/p>\n","protected":false},"author":2,"featured_media":0,"parent":9499,"menu_order":0,"comment_status":"closed","ping_status":"closed","template":"","meta":{"_acf_changed":false,"om_disable_all_campaigns":false,"footnotes":""},"class_list":["post-9506","page","type-page","status-publish","hentry"],"acf":[],"yoast_head":"<!-- This site is optimized with the Yoast SEO plugin v23.5 - https:\/\/yoast.com\/wordpress\/plugins\/seo\/ -->\n<title>MICHA\u0141 S\u0141OWI\u0143SKI - Asemblo<\/title>\n<meta name=\"description\" content=\"MICHA\u0141 S\u0141OWINSKI      DEPARTMENT: DESIGN EXPERIENCE: 21 years EMAIL: micha\u0142.slowinski@dev.asemblo.pl PHONE: +48-609-606-448          Facebook-f             Linkedin-in        Architect and designer of industrial forms. A graduate of the Faculty of Architecture of the University of Technology (in the Slask region) and the London Royal College of Art.He practiced in London and Warsaw, inter alia, at Foster and Partners, Denton Associates and Kury\u0142owicz &amp; Associates. Lecturer in computer-aided architectural design and postgraduate studies at ASK at the Warsaw University of Technology. He specializes in projects for gastronomy, retail chains, as well as office space. He also deals with brand issues, in architectural space and visual communication. Designer of industrial forms with many years of experience in the furniture market.\" \/>\n<meta name=\"robots\" content=\"noindex, follow, max-snippet:-1, max-image-preview:large, max-video-preview:-1\" \/>\n<meta property=\"og:locale\" content=\"en_US\" \/>\n<meta property=\"og:type\" content=\"article\" \/>\n<meta property=\"og:title\" content=\"MICHA\u0141 S\u0141OWI\u0143SKI - Asemblo\" \/>\n<meta property=\"og:description\" content=\"MICHA\u0141 S\u0141OWINSKI      DEPARTMENT: DESIGN EXPERIENCE: 21 years EMAIL: micha\u0142.slowinski@dev.asemblo.pl PHONE: +48-609-606-448          Facebook-f             Linkedin-in        Architect and designer of industrial forms. A graduate of the Faculty of Architecture of the University of Technology (in the Slask region) and the London Royal College of Art.He practiced in London and Warsaw, inter alia, at Foster and Partners, Denton Associates and Kury\u0142owicz &amp; Associates. Lecturer in computer-aided architectural design and postgraduate studies at ASK at the Warsaw University of Technology. He specializes in projects for gastronomy, retail chains, as well as office space. He also deals with brand issues, in architectural space and visual communication. Designer of industrial forms with many years of experience in the furniture market.\" \/>\n<meta property=\"og:url\" content=\"https:\/\/dev.asemblo.pl\/en\/our-team\/michal-slowinski\/\" \/>\n<meta property=\"og:site_name\" content=\"Asemblo\" \/>\n<meta property=\"article:publisher\" content=\"https:\/\/www.facebook.com\/people\/Asemblo\/100061845887243\/\" \/>\n<meta property=\"article:modified_time\" content=\"2022-11-30T14:40:09+00:00\" \/>\n<meta name=\"twitter:card\" content=\"summary_large_image\" \/>\n<meta name=\"twitter:label1\" content=\"Est. reading time\" \/>\n\t<meta name=\"twitter:data1\" content=\"1 minute\" \/>\n<script type=\"application\/ld+json\" class=\"yoast-schema-graph\">{\"@context\":\"https:\/\/schema.org\",\"@graph\":[{\"@type\":\"WebPage\",\"@id\":\"https:\/\/dev.asemblo.pl\/en\/our-team\/michal-slowinski\/\",\"url\":\"https:\/\/dev.asemblo.pl\/en\/our-team\/michal-slowinski\/\",\"name\":\"MICHA\u0141 S\u0141OWI\u0143SKI - Asemblo\",\"isPartOf\":{\"@id\":\"https:\/\/dev.asemblo.pl\/en\/#website\"},\"datePublished\":\"2022-06-15T09:40:44+00:00\",\"dateModified\":\"2022-11-30T14:40:09+00:00\",\"description\":\"MICHA\u0141 S\u0141OWINSKI DEPARTMENT: DESIGN EXPERIENCE: 21 years EMAIL: micha\u0142.slowinski@dev.asemblo.pl PHONE: +48-609-606-448 Facebook-f Linkedin-in Architect and designer of industrial forms. A graduate of the Faculty of Architecture of the University of Technology (in the Slask region) and the London Royal College of Art.He practiced in London and Warsaw, inter alia, at Foster and Partners, Denton Associates and Kury\u0142owicz &amp; Associates. Lecturer in computer-aided architectural design and postgraduate studies at ASK at the Warsaw University of Technology. He specializes in projects for gastronomy, retail chains, as well as office space. He also deals with brand issues, in architectural space and visual communication. Designer of industrial forms with many years of experience in the furniture market.\",\"breadcrumb\":{\"@id\":\"https:\/\/dev.asemblo.pl\/en\/our-team\/michal-slowinski\/#breadcrumb\"},\"inLanguage\":\"en-US\",\"potentialAction\":[{\"@type\":\"ReadAction\",\"target\":[\"https:\/\/dev.asemblo.pl\/en\/our-team\/michal-slowinski\/\"]}]},{\"@type\":\"BreadcrumbList\",\"@id\":\"https:\/\/dev.asemblo.pl\/en\/our-team\/michal-slowinski\/#breadcrumb\",\"itemListElement\":[{\"@type\":\"ListItem\",\"position\":1,\"name\":\"Strona g\u0142\u00f3wna\",\"item\":\"https:\/\/dev.asemblo.pl\/en\/\"},{\"@type\":\"ListItem\",\"position\":2,\"name\":\"Our Team\",\"item\":\"https:\/\/dev.asemblo.pl\/en\/our-team\/\"},{\"@type\":\"ListItem\",\"position\":3,\"name\":\"MICHA\u0141 S\u0141OWI\u0143SKI\"}]},{\"@type\":\"WebSite\",\"@id\":\"https:\/\/dev.asemblo.pl\/en\/#website\",\"url\":\"https:\/\/dev.asemblo.pl\/en\/\",\"name\":\"Asemblo\",\"description\":\"Projektowanie wn\u0119trz komercyjnych\",\"publisher\":{\"@id\":\"https:\/\/dev.asemblo.pl\/en\/#organization\"},\"potentialAction\":[{\"@type\":\"SearchAction\",\"target\":{\"@type\":\"EntryPoint\",\"urlTemplate\":\"https:\/\/dev.asemblo.pl\/en\/?s={search_term_string}\"},\"query-input\":{\"@type\":\"PropertyValueSpecification\",\"valueRequired\":true,\"valueName\":\"search_term_string\"}}],\"inLanguage\":\"en-US\"},{\"@type\":\"Organization\",\"@id\":\"https:\/\/dev.asemblo.pl\/en\/#organization\",\"name\":\"Asemblo Sp. z o.o.\",\"url\":\"https:\/\/dev.asemblo.pl\/en\/\",\"logo\":{\"@type\":\"ImageObject\",\"inLanguage\":\"en-US\",\"@id\":\"https:\/\/dev.asemblo.pl\/en\/#\/schema\/logo\/image\/\",\"url\":\"https:\/\/dev.asemblo.pl\/wp-content\/uploads\/2020\/04\/asemblo20220519-1.svg\",\"contentUrl\":\"https:\/\/dev.asemblo.pl\/wp-content\/uploads\/2020\/04\/asemblo20220519-1.svg\",\"width\":1133,\"height\":850,\"caption\":\"Asemblo Sp. z o.o.\"},\"image\":{\"@id\":\"https:\/\/dev.asemblo.pl\/en\/#\/schema\/logo\/image\/\"},\"sameAs\":[\"https:\/\/www.facebook.com\/people\/Asemblo\/100061845887243\/\",\"https:\/\/pl.linkedin.com\/company\/asemblo\"]}]}<\/script>\n<!-- \/ Yoast SEO plugin. -->","yoast_head_json":{"title":"MICHA\u0141 S\u0141OWI\u0143SKI - Asemblo","description":"MICHA\u0141 S\u0141OWINSKI      DEPARTMENT: DESIGN EXPERIENCE: 21 years EMAIL: micha\u0142.slowinski@dev.asemblo.pl PHONE: +48-609-606-448          Facebook-f             Linkedin-in        Architect and designer of industrial forms. A graduate of the Faculty of Architecture of the University of Technology (in the Slask region) and the London Royal College of Art.He practiced in London and Warsaw, inter alia, at Foster and Partners, Denton Associates and Kury\u0142owicz &amp; Associates. Lecturer in computer-aided architectural design and postgraduate studies at ASK at the Warsaw University of Technology. He specializes in projects for gastronomy, retail chains, as well as office space. He also deals with brand issues, in architectural space and visual communication. Designer of industrial forms with many years of experience in the furniture market.","robots":{"index":"noindex","follow":"follow","max-snippet":"max-snippet:-1","max-image-preview":"max-image-preview:large","max-video-preview":"max-video-preview:-1"},"og_locale":"en_US","og_type":"article","og_title":"MICHA\u0141 S\u0141OWI\u0143SKI - Asemblo","og_description":"MICHA\u0141 S\u0141OWINSKI      DEPARTMENT: DESIGN EXPERIENCE: 21 years EMAIL: micha\u0142.slowinski@dev.asemblo.pl PHONE: +48-609-606-448          Facebook-f             Linkedin-in        Architect and designer of industrial forms. A graduate of the Faculty of Architecture of the University of Technology (in the Slask region) and the London Royal College of Art.He practiced in London and Warsaw, inter alia, at Foster and Partners, Denton Associates and Kury\u0142owicz &amp; Associates. Lecturer in computer-aided architectural design and postgraduate studies at ASK at the Warsaw University of Technology. He specializes in projects for gastronomy, retail chains, as well as office space. He also deals with brand issues, in architectural space and visual communication. Designer of industrial forms with many years of experience in the furniture market.","og_url":"https:\/\/dev.asemblo.pl\/en\/our-team\/michal-slowinski\/","og_site_name":"Asemblo","article_publisher":"https:\/\/www.facebook.com\/people\/Asemblo\/100061845887243\/","article_modified_time":"2022-11-30T14:40:09+00:00","twitter_card":"summary_large_image","twitter_misc":{"Est. reading time":"1 minute"},"schema":{"@context":"https:\/\/schema.org","@graph":[{"@type":"WebPage","@id":"https:\/\/dev.asemblo.pl\/en\/our-team\/michal-slowinski\/","url":"https:\/\/dev.asemblo.pl\/en\/our-team\/michal-slowinski\/","name":"MICHA\u0141 S\u0141OWI\u0143SKI - Asemblo","isPartOf":{"@id":"https:\/\/dev.asemblo.pl\/en\/#website"},"datePublished":"2022-06-15T09:40:44+00:00","dateModified":"2022-11-30T14:40:09+00:00","description":"MICHA\u0141 S\u0141OWINSKI DEPARTMENT: DESIGN EXPERIENCE: 21 years EMAIL: micha\u0142.slowinski@dev.asemblo.pl PHONE: +48-609-606-448 Facebook-f Linkedin-in Architect and designer of industrial forms. A graduate of the Faculty of Architecture of the University of Technology (in the Slask region) and the London Royal College of Art.He practiced in London and Warsaw, inter alia, at Foster and Partners, Denton Associates and Kury\u0142owicz &amp; Associates. Lecturer in computer-aided architectural design and postgraduate studies at ASK at the Warsaw University of Technology. He specializes in projects for gastronomy, retail chains, as well as office space. He also deals with brand issues, in architectural space and visual communication. Designer of industrial forms with many years of experience in the furniture market.","breadcrumb":{"@id":"https:\/\/dev.asemblo.pl\/en\/our-team\/michal-slowinski\/#breadcrumb"},"inLanguage":"en-US","potentialAction":[{"@type":"ReadAction","target":["https:\/\/dev.asemblo.pl\/en\/our-team\/michal-slowinski\/"]}]},{"@type":"BreadcrumbList","@id":"https:\/\/dev.asemblo.pl\/en\/our-team\/michal-slowinski\/#breadcrumb","itemListElement":[{"@type":"ListItem","position":1,"name":"Strona g\u0142\u00f3wna","item":"https:\/\/dev.asemblo.pl\/en\/"},{"@type":"ListItem","position":2,"name":"Our Team","item":"https:\/\/dev.asemblo.pl\/en\/our-team\/"},{"@type":"ListItem","position":3,"name":"MICHA\u0141 S\u0141OWI\u0143SKI"}]},{"@type":"WebSite","@id":"https:\/\/dev.asemblo.pl\/en\/#website","url":"https:\/\/dev.asemblo.pl\/en\/","name":"Asemblo","description":"Projektowanie wn\u0119trz komercyjnych","publisher":{"@id":"https:\/\/dev.asemblo.pl\/en\/#organization"},"potentialAction":[{"@type":"SearchAction","target":{"@type":"EntryPoint","urlTemplate":"https:\/\/dev.asemblo.pl\/en\/?s={search_term_string}"},"query-input":{"@type":"PropertyValueSpecification","valueRequired":true,"valueName":"search_term_string"}}],"inLanguage":"en-US"},{"@type":"Organization","@id":"https:\/\/dev.asemblo.pl\/en\/#organization","name":"Asemblo Sp. z o.o.","url":"https:\/\/dev.asemblo.pl\/en\/","logo":{"@type":"ImageObject","inLanguage":"en-US","@id":"https:\/\/dev.asemblo.pl\/en\/#\/schema\/logo\/image\/","url":"https:\/\/dev.asemblo.pl\/wp-content\/uploads\/2020\/04\/asemblo20220519-1.svg","contentUrl":"https:\/\/dev.asemblo.pl\/wp-content\/uploads\/2020\/04\/asemblo20220519-1.svg","width":1133,"height":850,"caption":"Asemblo Sp. z o.o."},"image":{"@id":"https:\/\/dev.asemblo.pl\/en\/#\/schema\/logo\/image\/"},"sameAs":["https:\/\/www.facebook.com\/people\/Asemblo\/100061845887243\/","https:\/\/pl.linkedin.com\/company\/asemblo"]}]}},"_links":{"self":[{"href":"https:\/\/dev.asemblo.pl\/en\/wp-json\/wp\/v2\/pages\/9506"}],"collection":[{"href":"https:\/\/dev.asemblo.pl\/en\/wp-json\/wp\/v2\/pages"}],"about":[{"href":"https:\/\/dev.asemblo.pl\/en\/wp-json\/wp\/v2\/types\/page"}],"author":[{"embeddable":true,"href":"https:\/\/dev.asemblo.pl\/en\/wp-json\/wp\/v2\/users\/2"}],"replies":[{"embeddable":true,"href":"https:\/\/dev.asemblo.pl\/en\/wp-json\/wp\/v2\/comments?post=9506"}],"version-history":[{"count":2,"href":"https:\/\/dev.asemblo.pl\/en\/wp-json\/wp\/v2\/pages\/9506\/revisions"}],"predecessor-version":[{"id":9556,"href":"https:\/\/dev.asemblo.pl\/en\/wp-json\/wp\/v2\/pages\/9506\/revisions\/9556"}],"up":[{"embeddable":true,"href":"https:\/\/dev.asemblo.pl\/en\/wp-json\/wp\/v2\/pages\/9499"}],"wp:attachment":[{"href":"https:\/\/dev.asemblo.pl\/en\/wp-json\/wp\/v2\/media?parent=9506"}],"curies":[{"name":"wp","href":"https:\/\/api.w.org\/{rel}","templated":true}]}}